{"id":2690,"date":"2017-02-13T04:56:07","date_gmt":"2017-02-13T04:56:07","guid":{"rendered":"http:\/\/themes.potenzaglobal.com\/cardealer\/?page_id=2690"},"modified":"2024-08-27T11:10:29","modified_gmt":"2024-08-27T11:10:29","slug":"kontakt","status":"publish","type":"page","link":"https:\/\/autosalloniandi.net\/en\/kontakt\/","title":{"rendered":"Contact"},"content":{"rendered":"<div class=\"wpb-content-wrapper\"><div id=\"vc_row_1724756806804-9d6c9edc-4048\" class=\"vc_row wpb_row vc_row-fluid row-background-light\"><div class=\"wpb_column vc_column_container vc_col-sm-12 col-background-light\" id=\"vc_col_1724756806825-7aa0757c-ab8b\"><div class=\"vc_column-inner\"><div class=\"wpb_wrapper\">\t<div id=\"cd_space_69e0f72e0f712\" class=\"cd-space cd-space-69e0f72e0f716\" style=\"clear: both;;display: block;;--cd-space-desktop: 80px;--cd-space-tablet: 70px;--cd-space-portrait: 60px;--cd-space-mobile: 50px;--cd-space-mobile_portrait: 40px\"><\/div>\n\t\t<div class=\"section-title text-left style_1\" style=\"--cd_title_font_size_lg: 40px;--cd_title_font_size_md: 40px;--cd_title_font_size_sm: 40px;--cd_title_font_size_xs: 40px;--cd_title_line_height_lg: 50px;--cd_title_line_height_md: 50px;--cd_title_line_height_sm: 50px;--cd_title_line_height_xs: 50px\">\n\t\t\t\t\t\t<span>Mir\u00ebseerdh\u00ebt n\u00eb Auto Salloni Andi n\u00eb Vushtrri.<\/span>\n\t\t\t\t\t\t\t<h1 class=\"main-title\">NA KONTAKTONI<\/h1>\n\t\t\t\t\t\t\t<div class=\"separator\"><\/div>\n\t\t\t\t\t<\/div>\n\t<div id=\"vc_row_1724756806845-70b69e08-29db\" class=\"vc_row wpb_row vc_inner vc_row-fluid row-background-light\"><div class=\"wpb_column vc_column_container vc_col-sm-6 vc_col-lg-8 vc_col-md-6 col-background-light\" id=\"vc_col_1724756806848-0704dd18-2265\"><div class=\"vc_column-inner\"><div class=\"wpb_wrapper\">\n\t<div class=\"wpb_text_column wpb_content_element vc_custom_1724756922494\" >\n\t\t<div class=\"wpb_wrapper\">\n\t\t\t<p><strong>Faleminderit q\u00eb na kontaktoni!<\/strong> If you have any questions, requests, or would like to schedule a visit, we are here to help.<\/p>\n<p>Plot\u00ebsoni form\u00ebn m\u00eb posht\u00eb dhe do t\u00eb mundohemi t&#8217;ju p\u00ebrgjigjemi sa m\u00eb shpejt t\u00eb jet\u00eb e mundur.<\/p>\n<p>&nbsp;<\/p>\n\n\t\t<\/div>\n\t<\/div>\n\n\t<div class=\"wpb_text_column wpb_content_element\" >\n\t\t<div class=\"wpb_wrapper\">\n\t\t\t\n<div class=\"wpcf7 no-js\" id=\"wpcf7-f2735-o1\" lang=\"en-US\" dir=\"ltr\" data-wpcf7-id=\"2735\">\n<div class=\"screen-reader-response\"><p role=\"status\" aria-live=\"polite\" aria-atomic=\"true\"><\/p> <ul><\/ul><\/div>\n<form action=\"\/en\/wp-json\/wp\/v2\/pages\/2690#wpcf7-f2735-o1\" method=\"post\" class=\"wpcf7-form init\" aria-label=\"Contact form\" novalidate=\"novalidate\" data-status=\"init\" data-trp-original-action=\"\/en\/wp-json\/wp\/v2\/pages\/2690#wpcf7-f2735-o1\">\n<div style=\"display: none;\">\n<input type=\"hidden\" name=\"_wpcf7\" value=\"2735\" \/>\n<input type=\"hidden\" name=\"_wpcf7_version\" value=\"6.0.6\" \/>\n<input type=\"hidden\" name=\"_wpcf7_locale\" value=\"en_US\" \/>\n<input type=\"hidden\" name=\"_wpcf7_unit_tag\" value=\"wpcf7-f2735-o1\" \/>\n<input type=\"hidden\" name=\"_wpcf7_container_post\" value=\"0\" \/>\n<input type=\"hidden\" name=\"_wpcf7_posted_data_hash\" value=\"\" \/>\n<input type=\"hidden\" name=\"cdhl_skip_fields\" value=\"\" \/>\n<\/div>\n<div class=\"contact-form row\">\n\t<div class=\"col-sm-12\">\n\t\t<div class=\"form-group\">\n\t\t\t<p><span class=\"wpcf7-form-control-wrap\" data-name=\"name\"><input size=\"40\" maxlength=\"400\" class=\"wpcf7-form-control wpcf7-text wpcf7-validates-as-required\" aria-required=\"true\" aria-invalid=\"false\" placeholder=\"Name*\" value=\"\" type=\"text\" name=\"name\" \/><\/span>\n\t\t\t<\/p>\n\t\t<\/div>\n\t<\/div>\n\t<div class=\"col-sm-12\">\n\t\t<div class=\"form-group\">\n\t\t\t<p><span class=\"wpcf7-form-control-wrap\" data-name=\"email\"><input size=\"40\" maxlength=\"400\" class=\"wpcf7-form-control wpcf7-email wpcf7-validates-as-required wpcf7-text wpcf7-validates-as-email\" aria-required=\"true\" aria-invalid=\"false\" placeholder=\"Email*\" value=\"\" type=\"email\" name=\"email\" \/><\/span>\n\t\t\t<\/p>\n\t\t<\/div>\n\t<\/div>\n\t<div class=\"col-sm-12\">\n\t\t<div class=\"form-group\">\n\t\t\t<p><span class=\"wpcf7-form-control-wrap\" data-name=\"phone\"><input size=\"40\" maxlength=\"400\" class=\"wpcf7-form-control wpcf7-text wpcf7-validates-as-required\" aria-required=\"true\" aria-invalid=\"false\" placeholder=\"Phone*\" value=\"\" type=\"text\" name=\"phone\" \/><\/span>\n\t\t\t<\/p>\n\t\t<\/div>\n\t<\/div>\n\t<div class=\"col-sm-12\">\n\t\t<div class=\"form-group\">\n\t\t\t<p><span class=\"wpcf7-form-control-wrap\" data-name=\"comment\"><textarea cols=\"40\" rows=\"10\" maxlength=\"2000\" class=\"wpcf7-form-control wpcf7-textarea wpcf7-validates-as-required\" aria-required=\"true\" aria-invalid=\"false\" placeholder=\"Comment*\" name=\"comment\"><\/textarea><\/span>\n\t\t\t<\/p>\n\t\t<\/div>\n\t<\/div>\n\t<div class=\"col-sm-12\">\n\t\t<p><input class=\"wpcf7-form-control wpcf7-submit has-spinner button red btn-full\" type=\"submit\" value=\"Send\" \/>\n\t\t<\/p>\n\t<\/div>\n<\/div><div class=\"wpcf7-response-output\" aria-hidden=\"true\"><\/div>\n<input type=\"hidden\" name=\"trp-form-language\" value=\"en\"\/><\/form>\n<\/div>\n\n\n\t\t<\/div>\n\t<\/div>\n\t<div id=\"cd_space_69e0f72e1051d\" class=\"cd-space cd-space-69e0f72e10520\" style=\"clear: both;;display: block;;--cd-space-desktop: 80px;--cd-space-tablet: 70px;--cd-space-portrait: 60px;--cd-space-mobile: 50px;--cd-space-mobile_portrait: 40px\"><\/div>\n\t<\/div><\/div><\/div><div class=\"wpb_column vc_column_container vc_col-sm-6 vc_col-lg-4 vc_col-md-6 col-background-light\" id=\"vc_col_1724756806872-5433665d-d2b4\"><div class=\"vc_column-inner\"><div class=\"wpb_wrapper\">\t<div id=\"cd_feature_box_69e0f72e105ee\" class=\"feature-box feature-border style-7 vc_custom_1724756829314 round-border box-hover no-image\">\n\t\t\t\t<div class=\"icon\">\n\t\t\t<i class=\"\"><\/i>\n\t\t<\/div>\n\t\t<div class=\"content\">\n\t\t\t<a >\n\t\t\t\t\t\t\t\t\t<h6>Address<\/h6>\n\t\t\t\t\t\t\t\t<\/a>\n\t\t\t\t\t\t\t<p>Vushtrri -  Kosov\u00eb<\/p>\n\t\t\t\t\t\t<\/div>\n\t<\/div>\n\t\t<div id=\"cd_feature_box_69e0f72e10613\" class=\"feature-box feature-border style-7 vc_custom_1724756844973 round-border box-hover no-image\">\n\t\t\t\t<div class=\"icon\">\n\t\t\t<i class=\"\"><\/i>\n\t\t<\/div>\n\t\t<div class=\"content\">\n\t\t\t<a >\n\t\t\t\t\t\t\t\t\t<h6>Phone<\/h6>\n\t\t\t\t\t\t\t\t<\/a>\n\t\t\t\t\t\t\t<p>+383 (0) 45 373 373<\/p>\n\t\t\t\t\t\t<\/div>\n\t<\/div>\n\t\t<div id=\"cd_feature_box_69e0f72e10621\" class=\"feature-box feature-border style-7  round-border box-hover no-image\">\n\t\t\t\t<div class=\"icon\">\n\t\t\t<i class=\"\"><\/i>\n\t\t<\/div>\n\t\t<div class=\"content\">\n\t\t\t<a >\n\t\t\t\t\t\t\t\t\t<h6>Email<\/h6>\n\t\t\t\t\t\t\t\t<\/a>\n\t\t\t\t\t\t\t<p>info@autosalloniandi.net<\/p>\n\t\t\t\t\t\t<\/div>\n\t<\/div>\n\t\t<div id=\"cd_space_69e0f72e1062d\" class=\"cd-space cd-space-69e0f72e1062e\" style=\"clear: both;;display: block;;--cd-space-desktop: 50px;--cd-space-tablet: 50px;--cd-space-portrait: 50px;--cd-space-mobile: 50px;--cd-space-mobile_portrait: 40px\"><\/div>\n\t\t<div class=\"opening-hours gray-bg\">\n\t\t<h6>Opening Hours<\/h6>\n\t\t<ul class=\"list-style-none\">\n\t\t\t<li>\n\t\t\t\t<strong>Monday<\/strong>\n\t\t\t\t\t\t\t\t\t<span>9:00 AM to 9:00 PM<\/span>\n\t\t\t\t\t\t\t\t<\/li>\n\t\t\t<li>\n\t\t\t\t<strong>Tuesday<\/strong>\n\t\t\t\t\t\t\t\t\t<span>9:00 AM to 9:00 PM<\/span>\n\t\t\t\t\t\t\t\t<\/li>\n\t\t\t<li>\n\t\t\t\t<strong>Wednesday<\/strong>\n\t\t\t\t\t\t\t\t\t<span>9:00 AM to 9:00 PM<\/span>\n\t\t\t\t\t\t\t\t<\/li>\n\t\t\t<li>\n\t\t\t\t<strong>Thursday<\/strong>\n\t\t\t\t\t\t\t\t\t<span>9:00 AM to 9:00 PM<\/span>\n\t\t\t\t\t\t\t\t<\/li>\n\t\t\t<li>\n\t\t\t\t<strong>Friday<\/strong>\n\t\t\t\t\t\t\t\t\t<span>9:00 AM to 9:00 PM<\/span>\n\t\t\t\t\t\t\t\t<\/li>\n\t\t\t<li>\n\t\t\t\t<strong>Saturday<\/strong>\n\t\t\t\t\t\t\t\t\t<span>9:00 AM to 9:00 PM<\/span>\n\t\t\t\t\t\t\t\t<\/li>\n\t\t\t<li>\n\t\t\t\t<strong>Sunday<\/strong>\n\t\t\t\t\t\t\t\t\t<span>closed<\/span>\n\t\t\t\t\t\t\t\t<\/li>\n\t\t<\/ul>\n\t<\/div>\n\t\t<div id=\"cd_space_69e0f72e10659\" class=\"cd-space cd-space-69e0f72e1065a\" style=\"clear: both;;display: block;;--cd-space-desktop: 80px;--cd-space-tablet: 70px;--cd-space-portrait: 60px;--cd-space-mobile: 50px;--cd-space-mobile_portrait: 40px\"><\/div>\n\t<\/div><\/div><\/div><\/div><\/div><\/div><\/div><\/div><div id=\"vc_row_1724756806939-b02ee4e6-e3f0\" data-vc-full-width=\"true\" data-vc-full-width-init=\"false\" data-vc-stretch-content=\"true\" class=\"vc_row wpb_row vc_row-fluid row-background-light vc_row-no-padding\"><div class=\"wpb_column vc_column_container vc_col-sm-12 col-background-light\" id=\"vc_col_1724756806947-c91179fa-a25e\"><div class=\"vc_column-inner\"><div class=\"wpb_wrapper\"><div class=\"wpb_gmaps_widget wpb_content_element\"><div class=\"wpb_wrapper\"><div class=\"wpb_map_wraper\"><iframe src=\"https:\/\/www.google.com\/maps\/embed?pb=!1m14!1m8!1m3!1d3224.0652258552695!2d-79.43246!3d36.091898!3m2!1i1024!2i768!4f13.1!3m3!1m2!1s0x88532bae09664ccb%3A0xaa6b8f98d3fb8135!2s220+E+Front+St%2C+Burlington%2C+NC+27215!5e0!3m2!1sen!2sin!4v1486962177367\" width=\"600\" height=\"450\" frameborder=\"0\" style=\"border:0\" allowfullscreen><\/iframe><\/div><\/div><\/div><\/div><\/div><\/div><\/div><div class=\"vc_row-full-width vc_clearfix\"><\/div>\n<\/div>","protected":false},"excerpt":{"rendered":"Mir\u00ebseerdh\u00ebt n\u00eb Auto Salloni Andi n\u00eb Vushtrri. NA KONTAKTONI Faleminderit q\u00eb na kontaktoni! N\u00ebse keni ndonj\u00eb pyetje, k\u00ebrkes\u00eb ose d\u00ebshironi t\u00eb rezervoni nj\u00eb vizit\u00eb, jemi k\u00ebtu p\u00ebr t'ju ndihmuar. Plot\u00ebsoni form\u00ebn m\u00eb posht\u00eb dhe do t\u00eb mundohemi t'ju p\u00ebrgjigjemi sa m\u00eb shpejt t\u00eb jet\u00eb e mundur. &nbsp; Address Vushtrri - Kosov\u00eb Phone +383 (0) 45 [...]","protected":false},"author":1,"featured_media":0,"parent":0,"menu_order":0,"comment_status":"closed","ping_status":"closed","template":"templates\/page-vc_compatible.php","meta":{"_acf_changed":false,"footnotes":""},"class_list":["post-2690","page","type-page","status-publish","hentry"],"acf":[],"_links":{"self":[{"href":"https:\/\/autosalloniandi.net\/en\/wp-json\/wp\/v2\/pages\/2690"}],"collection":[{"href":"https:\/\/autosalloniandi.net\/en\/wp-json\/wp\/v2\/pages"}],"about":[{"href":"https:\/\/autosalloniandi.net\/en\/wp-json\/wp\/v2\/types\/page"}],"author":[{"embeddable":true,"href":"https:\/\/autosalloniandi.net\/en\/wp-json\/wp\/v2\/users\/1"}],"replies":[{"embeddable":true,"href":"https:\/\/autosalloniandi.net\/en\/wp-json\/wp\/v2\/comments?post=2690"}],"version-history":[{"count":5,"href":"https:\/\/autosalloniandi.net\/en\/wp-json\/wp\/v2\/pages\/2690\/revisions"}],"predecessor-version":[{"id":13182,"href":"https:\/\/autosalloniandi.net\/en\/wp-json\/wp\/v2\/pages\/2690\/revisions\/13182"}],"wp:attachment":[{"href":"https:\/\/autosalloniandi.net\/en\/wp-json\/wp\/v2\/media?parent=2690"}],"curies":[{"name":"wp","href":"https:\/\/api.w.org\/{rel}","templated":true}]}}