{"id":2626,"date":"2017-02-11T04:16:44","date_gmt":"2017-02-11T04:16:44","guid":{"rendered":"http:\/\/themes.potenzaglobal.com\/cardealer\/?page_id=2626"},"modified":"2024-08-27T11:06:53","modified_gmt":"2024-08-27T11:06:53","slug":"kush-jemi","status":"publish","type":"page","link":"https:\/\/autosalloniandi.net\/en\/kush-jemi\/","title":{"rendered":"Who We Are"},"content":{"rendered":"<div class=\"wpb-content-wrapper\"><div id=\"vc_row_1724755575354-376a141c-4db1\" class=\"vc_row wpb_row vc_row-fluid row-background-light\"><div class=\"wpb_column vc_column_container vc_col-sm-12 col-background-light\" id=\"vc_col_1724755575375-83863d81-9ff8\"><div class=\"vc_column-inner\"><div class=\"wpb_wrapper\">\t<div id=\"cd_space_69e0f7c4af965\" class=\"cd-space cd-space-69e0f7c4af969\" style=\"clear: both;;display: block;;--cd-space-desktop: 80px;--cd-space-tablet: 70px;--cd-space-portrait: 60px;--cd-space-mobile: 50px;--cd-space-mobile_portrait: 40px\"><\/div>\n\t\t<div class=\"section-title text-center style_1\" style=\"--cd_title_font_size_lg: 40px;--cd_title_font_size_md: 40px;--cd_title_font_size_sm: 40px;--cd_title_font_size_xs: 40px;--cd_title_line_height_lg: 50px;--cd_title_line_height_md: 50px;--cd_title_line_height_sm: 50px;--cd_title_line_height_xs: 50px\">\n\t\t\t\t\t\t<span>Mir\u00ebseerdh\u00ebt n\u00eb Auto Salloni Andi n\u00eb Vushtrri.<\/span>\n\t\t\t\t\t\t\t<h1 class=\"main-title\">KUSH JEMI<\/h1>\n\t\t\t\t\t\t\t<div class=\"separator\"><\/div>\n\t\t\t\t\t\t\t\t<p>Auto Salloni Andi is a well-known company in Vushtrri that has been providing high-quality services for over 15 years.<\/p>\n<p>With a team of qualified and dedicated professionals, Auto Salloni Andi offers a wide range of services, including vehicle sales.<\/p>\n<p>We are committed to ensuring that every client receives the best possible service.<\/p>\n<p>During this long period of operation, we have built a strong reputation and loyalty among our clients due to our commitment to professionalism and customer satisfaction.<\/p>\n\t\t\t\t\t<\/div>\n\t<\/div><\/div><\/div><\/div><div id=\"vc_row_1724755576253-d803eff0-c287\" class=\"vc_row wpb_row vc_row-fluid row-background-light\"><div class=\"wpb_column vc_column_container vc_col-sm-12 col-background-light\" id=\"vc_col_1724755576255-69678c06-5ff9\"><div class=\"vc_column-inner\"><div class=\"wpb_wrapper\"><div id=\"vc_row_1724755576306-27d0c2c9-a10e\" class=\"vc_row wpb_row vc_inner vc_row-fluid row-background-light\"><div class=\"wpb_column vc_column_container vc_col-sm-8 col-background-light\" id=\"vc_col_1724755576308-7875c47a-17c3\"><div class=\"vc_column-inner vc_custom_1486789975397\"><div class=\"wpb_wrapper\">\n\t<div class=\"wpb_text_column wpb_content_element\" >\n\t\t<div class=\"wpb_wrapper\">\n\t\t\t\n<div class=\"wpcf7 no-js\" id=\"wpcf7-f2736-o1\" lang=\"en-US\" dir=\"ltr\" data-wpcf7-id=\"2736\">\n<div class=\"screen-reader-response\"><p role=\"status\" aria-live=\"polite\" aria-atomic=\"true\"><\/p> <ul><\/ul><\/div>\n<form action=\"\/en\/wp-json\/wp\/v2\/pages\/2626#wpcf7-f2736-o1\" method=\"post\" class=\"wpcf7-form init form-horizontal\" aria-label=\"Contact form\" novalidate=\"novalidate\" data-status=\"init\" data-trp-original-action=\"\/en\/wp-json\/wp\/v2\/pages\/2626#wpcf7-f2736-o1\">\n<div style=\"display: none;\">\n<input type=\"hidden\" name=\"_wpcf7\" value=\"2736\" \/>\n<input type=\"hidden\" name=\"_wpcf7_version\" value=\"6.0.6\" \/>\n<input type=\"hidden\" name=\"_wpcf7_locale\" value=\"en_US\" \/>\n<input type=\"hidden\" name=\"_wpcf7_unit_tag\" value=\"wpcf7-f2736-o1\" \/>\n<input type=\"hidden\" name=\"_wpcf7_container_post\" value=\"0\" \/>\n<input type=\"hidden\" name=\"_wpcf7_posted_data_hash\" value=\"\" \/>\n<input type=\"hidden\" name=\"cdhl_skip_fields\" value=\"\" \/>\n<\/div>\n<div class=\"contact-form row\">\n\t<div class=\"col-lg-4 col-md-4\">\n\t\t<div class=\"form-group\">\n\t\t\t<p><span class=\"wpcf7-form-control-wrap\" data-name=\"name\"><input size=\"40\" maxlength=\"400\" class=\"wpcf7-form-control wpcf7-text wpcf7-validates-as-required form-control\" aria-required=\"true\" aria-invalid=\"false\" placeholder=\"Name*\" value=\"\" type=\"text\" name=\"name\" \/><\/span>\n\t\t\t<\/p>\n\t\t<\/div>\n\t<\/div>\n\t<div class=\"col-lg-4 col-md-4\">\n\t\t<div class=\"form-group\">\n\t\t\t<p><span class=\"wpcf7-form-control-wrap\" data-name=\"email\"><input size=\"40\" maxlength=\"400\" class=\"wpcf7-form-control wpcf7-email wpcf7-validates-as-required wpcf7-text wpcf7-validates-as-email form-control\" aria-required=\"true\" aria-invalid=\"false\" placeholder=\"Email*\" value=\"\" type=\"email\" name=\"email\" \/><\/span>\n\t\t\t<\/p>\n\t\t<\/div>\n\t<\/div>\n\t<div class=\"col-lg-4 col-md-4\">\n\t\t<div class=\"form-group\">\n\t\t\t<p><span class=\"wpcf7-form-control-wrap\" data-name=\"phone\"><input size=\"40\" maxlength=\"400\" class=\"wpcf7-form-control wpcf7-text wpcf7-validates-as-required form-control input-message\" aria-required=\"true\" aria-invalid=\"false\" placeholder=\"Phone*\" value=\"\" type=\"text\" name=\"phone\" \/><\/span>\n\t\t\t<\/p>\n\t\t<\/div>\n\t<\/div>\n\t<div class=\"col-lg-12 col-md-12\">\n\t\t<div class=\"form-group\">\n\t\t\t<p><span class=\"wpcf7-form-control-wrap\" data-name=\"comment\"><textarea cols=\"40\" rows=\"10\" maxlength=\"2000\" class=\"wpcf7-form-control wpcf7-textarea wpcf7-validates-as-required form-control\" aria-required=\"true\" aria-invalid=\"false\" placeholder=\"Comment*\" name=\"comment\"><\/textarea><\/span>\n\t\t\t<\/p>\n\t\t<\/div>\n\t<\/div>\n\t<div class=\"col-lg-12 col-md-12\">\n\t\t<p><input class=\"wpcf7-form-control wpcf7-submit has-spinner button red btn-full\" type=\"submit\" value=\"Send\" \/>\n\t\t<\/p>\n\t<\/div>\n<\/div><div class=\"wpcf7-response-output\" aria-hidden=\"true\"><\/div>\n<input type=\"hidden\" name=\"trp-form-language\" value=\"en\"\/><\/form>\n<\/div>\n\n\n\t\t<\/div>\n\t<\/div>\n<\/div><\/div><\/div><div class=\"wpb_column vc_column_container vc_col-sm-4 col-background-light\" id=\"vc_col_1724755576360-8ebf9769-4d88\"><div class=\"vc_column-inner vc_custom_1486790312161\"><div class=\"wpb_wrapper\">\t<div class=\"opening-hours gray-bg\">\n\t\t<h6>Orari Pun\u00ebs<\/h6>\n\t\t<ul class=\"list-style-none\">\n\t\t\t<li>\n\t\t\t\t<strong>Monday<\/strong>\n\t\t\t\t\t\t\t\t\t<span>8:00 AM to 6:00 PM<\/span>\n\t\t\t\t\t\t\t\t<\/li>\n\t\t\t<li>\n\t\t\t\t<strong>Tuesday<\/strong>\n\t\t\t\t\t\t\t\t\t<span>8:00 AM to 6:00 PM<\/span>\n\t\t\t\t\t\t\t\t<\/li>\n\t\t\t<li>\n\t\t\t\t<strong>Wednesday<\/strong>\n\t\t\t\t\t\t\t\t\t<span>8:00 AM to 6:00 PM<\/span>\n\t\t\t\t\t\t\t\t<\/li>\n\t\t\t<li>\n\t\t\t\t<strong>Thursday<\/strong>\n\t\t\t\t\t\t\t\t\t<span>8:00 AM to 6:00 PM<\/span>\n\t\t\t\t\t\t\t\t<\/li>\n\t\t\t<li>\n\t\t\t\t<strong>Friday<\/strong>\n\t\t\t\t\t\t\t\t\t<span>8:00 AM to 6:00 PM<\/span>\n\t\t\t\t\t\t\t\t<\/li>\n\t\t\t<li>\n\t\t\t\t<strong>Saturday<\/strong>\n\t\t\t\t\t\t\t\t\t<span>8:00 AM to 6:00 PM<\/span>\n\t\t\t\t\t\t\t\t<\/li>\n\t\t\t<li>\n\t\t\t\t<strong>Sunday<\/strong>\n\t\t\t\t\t\t\t\t\t<span>Mbyllur<\/span>\n\t\t\t\t\t\t\t\t<\/li>\n\t\t<\/ul>\n\t<\/div>\n\t<\/div><\/div><\/div><\/div>\t<div id=\"cd_space_69e0f7c4b067f\" class=\"cd-space cd-space-69e0f7c4b0682\" style=\"clear: both;;display: block;;--cd-space-desktop: 30px;--cd-space-tablet: 20px;--cd-space-portrait: 10px;--cd-space-mobile: 40px;--cd-space-mobile_portrait: 10px\"><\/div>\n\t<\/div><\/div><\/div><\/div>\n<\/div>","protected":false},"excerpt":{"rendered":"Mir\u00ebseerdh\u00ebt n\u00eb Auto Salloni Andi n\u00eb Vushtrri. KUSH JEMI Auto Salloni Andi \u00ebsht\u00eb nj\u00eb kompani e njohur n\u00eb Vushtrri, e cila ka ofruar sh\u00ebrbime t\u00eb cil\u00ebsis\u00eb s\u00eb lart\u00eb p\u00ebr m\u00eb shum\u00eb se 15 vjet. Me nj\u00eb ekip profesionist\u00ebsh t\u00eb kualifikuar dhe t\u00eb p\u00ebrkushtuar, Auto Salloni Andi ofron nj\u00eb gam\u00eb t\u00eb gjer\u00eb sh\u00ebrbimesh, duke p\u00ebrfshir\u00eb shitje [...]","protected":false},"author":1,"featured_media":0,"parent":0,"menu_order":0,"comment_status":"closed","ping_status":"closed","template":"templates\/page-vc_compatible.php","meta":{"_acf_changed":false,"footnotes":""},"class_list":["post-2626","page","type-page","status-publish","hentry"],"acf":[],"_links":{"self":[{"href":"https:\/\/autosalloniandi.net\/en\/wp-json\/wp\/v2\/pages\/2626"}],"collection":[{"href":"https:\/\/autosalloniandi.net\/en\/wp-json\/wp\/v2\/pages"}],"about":[{"href":"https:\/\/autosalloniandi.net\/en\/wp-json\/wp\/v2\/types\/page"}],"author":[{"embeddable":true,"href":"https:\/\/autosalloniandi.net\/en\/wp-json\/wp\/v2\/users\/1"}],"replies":[{"embeddable":true,"href":"https:\/\/autosalloniandi.net\/en\/wp-json\/wp\/v2\/comments?post=2626"}],"version-history":[{"count":7,"href":"https:\/\/autosalloniandi.net\/en\/wp-json\/wp\/v2\/pages\/2626\/revisions"}],"predecessor-version":[{"id":13178,"href":"https:\/\/autosalloniandi.net\/en\/wp-json\/wp\/v2\/pages\/2626\/revisions\/13178"}],"wp:attachment":[{"href":"https:\/\/autosalloniandi.net\/en\/wp-json\/wp\/v2\/media?parent=2626"}],"curies":[{"name":"wp","href":"https:\/\/api.w.org\/{rel}","templated":true}]}}